{"id":116,"date":"2019-10-01T19:35:23","date_gmt":"2019-10-01T19:35:23","guid":{"rendered":"http:\/\/scoalateodorstefanelli.ro\/web\/?page_id=116"},"modified":"2023-02-01T12:18:39","modified_gmt":"2023-02-01T10:18:39","slug":"website","status":"publish","type":"page","link":"http:\/\/scoalateodorstefanelli.ro\/web\/","title":{"rendered":"website"},"content":{"rendered":"\t\t<div data-elementor-type=\"wp-page\" data-elementor-id=\"116\" class=\"elementor elementor-116\" data-elementor-settings=\"[]\">\n\t\t\t\t\t\t<div class=\"elementor-inner\">\n\t\t\t\t\t\t\t<div class=\"elementor-section-wrap\">\n\t\t\t\t\t\t\t<section class=\"elementor-section elementor-top-section elementor-element elementor-element-6bc8ffc elementor-section-boxed elementor-section-height-default elementor-section-height-default\" data-id=\"6bc8ffc\" data-element_type=\"section\">\n\t\t\t\t\t\t<div class=\"elementor-container elementor-column-gap-default\">\n\t\t\t\t\t\t\t<div class=\"elementor-row\">\n\t\t\t\t\t<div class=\"elementor-column elementor-col-100 elementor-top-column elementor-element elementor-element-1c08f2b\" data-id=\"1c08f2b\" data-element_type=\"column\">\n\t\t\t<div class=\"elementor-column-wrap elementor-element-populated\">\n\t\t\t\t\t\t\t<div class=\"elementor-widget-wrap\">\n\t\t\t\t\t\t<div class=\"elementor-element elementor-element-f5c4f50 elementor-widget elementor-widget-text-editor\" data-id=\"f5c4f50\" data-element_type=\"widget\" data-widget_type=\"text-editor.default\">\n\t\t\t\t<div class=\"elementor-widget-container\">\n\t\t\t\t\t\t\t\t<div class=\"elementor-text-editor elementor-clearfix\">\n\t\t\t\t<p><span style=\"color: #000000; font-size: 14pt;\">Deviza \u0219colii<strong>: <em>\u00a0\u00a0,, O \u0219coal\u0103 pentru fiecare\u201d<\/em><\/strong><\/span><\/p><p>\u00a0<\/p><p><span style=\"color: #000000; font-size: 14pt;\"><strong>Viziunea \u0219colii<\/strong><\/span><\/p><p><span style=\"color: #000000;\">\u00a0\u00a0\u00a0\u00a0\u00a0\u00a0\u00a0\u00a0\u00a0\u00a0\u00a0 \u0218coala Gimnazial\u0103 \u201eT. V. \u0218tefanelli\u201d este o\u00a0 unitate de \u00eenv\u0103\u021b\u0103m\u00e2nt dinamic\u0103, capabil\u0103 s\u0103 r\u0103spund\u0103 nevoilor comunit\u0103\u021bii \u0219i care asigur\u0103 un mediu creativ de dezvoltare pentru fiecare elev, un proces educa\u021bional de calitate, care s\u0103 le asigure\u00a0 un start bun \u00een activit\u0103\u021bile ulterioare, dar \u0219i o adaptare rapid\u0103 \u0219i eficient\u0103 la o societate \u00een continu\u0103 schimbare, astfel \u00eenc\u00e2t viitorul s\u0103 nu-i ia prin surprindere.<\/span><\/p><p><span style=\"color: #000000; font-size: 14pt;\"><strong>Misiunea \u0219colii<\/strong><\/span><\/p><p><span style=\"color: #000000;\">\u00a0\u00a0\u00a0\u00a0\u00a0\u00a0\u00a0\u00a0\u00a0\u00a0\u00a0 Unitatea noastr\u0103 ofer\u0103 oportunit\u0103\u021bi de educa\u021bie \u0219i instruire de \u00eenalt\u0103 calitate, \u00een spiritul unor valori bazate pe: toleran\u021b\u0103, egalitate de \u0219anse,\u00a0 promovarea tradi\u021biilor \u0219i idealurilor comunit\u0103\u021bii. Pun\u00e2nd accent pe dezvoltarea \u015fi formarea continu\u0103 a resursei umane, prin oferta educa\u0163ional\u0103, \u00een colaborare cu p\u0103rin\u0163ii \u015fi partenerii sociali implica\u0163i \u00een educa\u0163ie, urm\u0103rim formarea unor elevi responsabili, creativi, dinamici, flexibili, entuzia\u015fti, capabili s\u0103-\u015fi gestioneze eficient resursele personale, materiale \u015fi spirituale, s\u0103 aprecieze cultura, frumosul \u0219i binele.<\/span><\/p><p>\u00a0<\/p><p style=\"text-align: center;\">___________________________________<\/p>\t\t\t\t\t<\/div>\n\t\t\t\t\t\t<\/div>\n\t\t\t\t<\/div>\n\t\t\t\t\t\t<\/div>\n\t\t\t\t\t<\/div>\n\t\t<\/div>\n\t\t\t\t\t\t\t\t<\/div>\n\t\t\t\t\t<\/div>\n\t\t<\/section>\n\t\t\t\t<section class=\"elementor-section elementor-top-section elementor-element elementor-element-fce6388 elementor-section-boxed elementor-section-height-default elementor-section-height-default\" data-id=\"fce6388\" data-element_type=\"section\">\n\t\t\t\t\t\t<div class=\"elementor-container elementor-column-gap-default\">\n\t\t\t\t\t\t\t<div class=\"elementor-row\">\n\t\t\t\t\t<div class=\"elementor-column elementor-col-100 elementor-top-column elementor-element elementor-element-ee9e8d6\" data-id=\"ee9e8d6\" data-element_type=\"column\">\n\t\t\t<div class=\"elementor-column-wrap elementor-element-populated\">\n\t\t\t\t\t\t\t<div class=\"elementor-widget-wrap\">\n\t\t\t\t\t\t<div class=\"elementor-element elementor-element-643c40e elementor-widget elementor-widget-text-editor\" data-id=\"643c40e\" data-element_type=\"widget\" data-widget_type=\"text-editor.default\">\n\t\t\t\t<div class=\"elementor-widget-container\">\n\t\t\t\t\t\t\t\t<div class=\"elementor-text-editor elementor-clearfix\">\n\t\t\t\t\t\t\t\t\t<\/div>\n\t\t\t\t\t\t<\/div>\n\t\t\t\t<\/div>\n\t\t\t\t\t\t<\/div>\n\t\t\t\t\t<\/div>\n\t\t<\/div>\n\t\t\t\t\t\t\t\t<\/div>\n\t\t\t\t\t<\/div>\n\t\t<\/section>\n\t\t\t\t<section class=\"elementor-section elementor-top-section elementor-element elementor-element-47a98a4 elementor-section-boxed elementor-section-height-default elementor-section-height-default\" data-id=\"47a98a4\" data-element_type=\"section\">\n\t\t\t\t\t\t<div class=\"elementor-container elementor-column-gap-default\">\n\t\t\t\t\t\t\t<div class=\"elementor-row\">\n\t\t\t\t\t<div class=\"elementor-column elementor-col-100 elementor-top-column elementor-element elementor-element-62887e0\" data-id=\"62887e0\" data-element_type=\"column\">\n\t\t\t<div class=\"elementor-column-wrap elementor-element-populated\">\n\t\t\t\t\t\t\t<div class=\"elementor-widget-wrap\">\n\t\t\t\t\t\t<div class=\"elementor-element elementor-element-a074e50 elementor-widget elementor-widget-spacer\" data-id=\"a074e50\" data-element_type=\"widget\" data-widget_type=\"spacer.default\">\n\t\t\t\t<div class=\"elementor-widget-container\">\n\t\t\t\t\t<div class=\"elementor-spacer\">\n\t\t\t<div class=\"elementor-spacer-inner\"><\/div>\n\t\t<\/div>\n\t\t\t\t<\/div>\n\t\t\t\t<\/div>\n\t\t\t\t\t\t<\/div>\n\t\t\t\t\t<\/div>\n\t\t<\/div>\n\t\t\t\t\t\t\t\t<\/div>\n\t\t\t\t\t<\/div>\n\t\t<\/section>\n\t\t\t\t\t\t<\/div>\n\t\t\t\t\t\t<\/div>\n\t\t\t\t\t<\/div>\n\t\t","protected":false},"excerpt":{"rendered":"<p>Deviza \u0219colii: \u00a0\u00a0,, O \u0219coal\u0103 pentru fiecare\u201d \u00a0 Viziunea \u0219colii \u00a0\u00a0\u00a0\u00a0\u00a0\u00a0\u00a0\u00a0\u00a0\u00a0\u00a0 \u0218coala Gimnazial\u0103 \u201eT. V. \u0218tefanelli\u201d este o\u00a0 unitate de \u00eenv\u0103\u021b\u0103m\u00e2nt dinamic\u0103, capabil\u0103 s\u0103 r\u0103spund\u0103 nevoilor comunit\u0103\u021bii \u0219i care asigur\u0103 un mediu creativ de dezvoltare pentru fiecare elev, un proces educa\u021bional de calitate, care s\u0103 le asigure\u00a0 un start bun \u00een activit\u0103\u021bile ulterioare, dar \u0219i<\/p>\n","protected":false},"author":1,"featured_media":0,"parent":0,"menu_order":0,"comment_status":"closed","ping_status":"closed","template":"elementor_header_footer","meta":[],"_links":{"self":[{"href":"http:\/\/scoalateodorstefanelli.ro\/web\/wp-json\/wp\/v2\/pages\/116"}],"collection":[{"href":"http:\/\/scoalateodorstefanelli.ro\/web\/wp-json\/wp\/v2\/pages"}],"about":[{"href":"http:\/\/scoalateodorstefanelli.ro\/web\/wp-json\/wp\/v2\/types\/page"}],"author":[{"embeddable":true,"href":"http:\/\/scoalateodorstefanelli.ro\/web\/wp-json\/wp\/v2\/users\/1"}],"replies":[{"embeddable":true,"href":"http:\/\/scoalateodorstefanelli.ro\/web\/wp-json\/wp\/v2\/comments?post=116"}],"version-history":[{"count":69,"href":"http:\/\/scoalateodorstefanelli.ro\/web\/wp-json\/wp\/v2\/pages\/116\/revisions"}],"predecessor-version":[{"id":734,"href":"http:\/\/scoalateodorstefanelli.ro\/web\/wp-json\/wp\/v2\/pages\/116\/revisions\/734"}],"wp:attachment":[{"href":"http:\/\/scoalateodorstefanelli.ro\/web\/wp-json\/wp\/v2\/media?parent=116"}],"curies":[{"name":"wp","href":"https:\/\/api.w.org\/{rel}","templated":true}]}}